{"id":39707,"date":"2025-04-03T11:05:46","date_gmt":"2025-04-03T09:05:46","guid":{"rendered":"https:\/\/comettecosmetics.com\/produit\/mama-candle-pregnancy-candle\/"},"modified":"2026-02-10T15:01:49","modified_gmt":"2026-02-10T14:01:49","slug":"mama-candle-pregnancy-candle","status":"publish","type":"product","link":"https:\/\/comettecosmetics.com\/en\/home-lifestyle\/mama-candle-pregnancy-candle\/","title":{"rendered":"MAMA Candle &#8211; Pregnancy Candle"},"content":{"rendered":"\t\t<div data-elementor-type=\"product-post\" data-elementor-id=\"39707\" class=\"elementor elementor-39707 elementor-37916\" data-elementor-post-type=\"product\">\n\t\t\t\t<div class=\"elementor-element elementor-element-1c9d26e5 e-flex e-con-boxed e-con e-parent\" data-id=\"1c9d26e5\" data-element_type=\"container\" data-e-type=\"container\" data-settings=\"{&quot;jet_parallax_layout_list&quot;:[]}\">\n\t\t\t\t\t<div class=\"e-con-inner\">\n\t\t\t\t<div class=\"elementor-element elementor-element-1642e9cc elementor-widget elementor-widget-text-editor\" data-id=\"1642e9cc\" data-element_type=\"widget\" data-e-type=\"widget\" data-widget_type=\"text-editor.default\">\n\t\t\t\t<div class=\"elementor-widget-container\">\n\t\t\t\t\t\t\t\t\tBougies florales naturelles \u00e0 base de cire de soja 100 % v\u00e9g\u00e9tale, de fleurs locales et de cristaux \u00e9nerg\u00e9tiques, fabriqu\u00e9es artisanalement dans l\u2019Aude.\r\nChaque bougie est une cr\u00e9ation unique, avec une d\u00e9licate odeur de lavande. Cette huile essentielle stabilise les \u00e9motions, relaxe et rafra\u00eechit.\r\n\r\nArtisanales, chaque bougie est coul\u00e9e \u00e0 la main avec soin par Claire, dans l\u2019Aude.\r\nCueillette sauvage : toutes les fleurs sont des fleurs sauvages r\u00e9colt\u00e9es \u00e0 la main dans la nature.\r\nCristaux \u00e9nerg\u00e9tiques : calcite (calmant), lapis-lazuli (amour), am\u00e9thyste (protection), turquoise (gu\u00e9rison).\r\n\r\nSans parfum, sans fragrance, sans huile essentielle, sans OGM.\r\nInform\u00e9e de la pri\u00e8re du c\u0153ur.\t\t\t\t\t\t\t\t<\/div>\n\t\t\t\t<\/div>\n\t\t\t\t\t<\/div>\n\t\t\t\t<\/div>\n\t\t\t\t<\/div>\n\t\t","protected":false},"excerpt":{"rendered":"<p>Bougies florales naturelles \u00e0 base de cire de soja 100 % v\u00e9g\u00e9tale, de fleurs locales et de cristaux \u00e9nerg\u00e9tiques, fabriqu\u00e9es artisanalement dans l\u2019Aude. Chaque bougie est une cr\u00e9ation unique, avec une d\u00e9licate odeur de lavande. Cette huile essentielle stabilise les \u00e9motions, relaxe et rafra\u00eechit. Artisanales, chaque bougie est coul\u00e9e \u00e0 la main avec soin par [&hellip;]<\/p>\n","protected":false},"featured_media":37970,"comment_status":"open","ping_status":"closed","template":"","meta":[],"product_brand":[],"product_cat":[68],"product_tag":[],"class_list":{"0":"post-39707","1":"product","2":"type-product","3":"status-publish","4":"has-post-thumbnail","6":"product_cat-home-lifestyle","8":"first","9":"instock","10":"taxable","11":"shipping-taxable","12":"purchasable","13":"product-type-variable"},"exclude_global_add_ons":[],"addons":[],"_links":{"self":[{"href":"https:\/\/comettecosmetics.com\/en\/wp-json\/wp\/v2\/product\/39707","targetHints":{"allow":["GET"]}}],"collection":[{"href":"https:\/\/comettecosmetics.com\/en\/wp-json\/wp\/v2\/product"}],"about":[{"href":"https:\/\/comettecosmetics.com\/en\/wp-json\/wp\/v2\/types\/product"}],"replies":[{"embeddable":true,"href":"https:\/\/comettecosmetics.com\/en\/wp-json\/wp\/v2\/comments?post=39707"}],"version-history":[{"count":0,"href":"https:\/\/comettecosmetics.com\/en\/wp-json\/wp\/v2\/product\/39707\/revisions"}],"wp:featuredmedia":[{"embeddable":true,"href":"https:\/\/comettecosmetics.com\/en\/wp-json\/wp\/v2\/media\/37970"}],"wp:attachment":[{"href":"https:\/\/comettecosmetics.com\/en\/wp-json\/wp\/v2\/media?parent=39707"}],"wp:term":[{"taxonomy":"product_brand","embeddable":true,"href":"https:\/\/comettecosmetics.com\/en\/wp-json\/wp\/v2\/product_brand?post=39707"},{"taxonomy":"product_cat","embeddable":true,"href":"https:\/\/comettecosmetics.com\/en\/wp-json\/wp\/v2\/product_cat?post=39707"},{"taxonomy":"product_tag","embeddable":true,"href":"https:\/\/comettecosmetics.com\/en\/wp-json\/wp\/v2\/product_tag?post=39707"}],"curies":[{"name":"wp","href":"https:\/\/api.w.org\/{rel}","templated":true}]}}